{"id":178,"date":"2012-08-01T09:55:25","date_gmt":"2012-08-01T07:55:25","guid":{"rendered":"http:\/\/www.hochzeitsfotograf-verden.de\/wordpress\/?page_id=178"},"modified":"2019-10-16T14:42:01","modified_gmt":"2019-10-16T12:42:01","slug":"home","status":"publish","type":"page","link":"https:\/\/www.kalu-bremen.de\/","title":{"rendered":"Businessportrait und Bewerbungsfoto in Bremen"},"content":{"rendered":"<p style=\"text-align: center;\">\n<p style=\"text-align: center;\">Kalu, ihr Fotograf f\u00fcr Businessportraits, Bewerbungsfotos und Hochzeitsfotos in Bremen<br \/>\nTELEFON: 0172 \/ 4 21 03 55 &#8211; E-MAIL:\u00a0<a href=\"mailto:info@kalu-kunst.de\">info@kalu-bremen.de<\/a><\/p>\n<p>&nbsp;<\/p>\n<p>&nbsp;<\/p>\n<p>&nbsp;<\/p>\n<p>&nbsp;<\/p>\n<p>&nbsp;<\/p>\n<p>&nbsp;<\/p>\n<p>&nbsp;<\/p>\n<h1 style=\"text-align: center;\"><a href=\"https:\/\/www.kalu-bremen.de\/?page_id=67\">BEWERBUNGSFOTOS BREMEN<\/a><\/h1>\n<p style=\"text-align: center;\">Sie sind auf der Suche nach einem Fotografen f\u00fcr <strong>Bewerbungsfotos in Bremen<\/strong>? Dann sind sie bereits am Ziel: Kalu fotografiert seit \u00fcber zwei Jahrzehnten erfolgreich und auf den Kunden individuell zugeschnittene Bewerbungsfotos. Steigern Sie ihre Chancen auf einen Traumjob durch <strong>professionelle Bewerbungsfotos<\/strong>. Sowohl Ihr ganz eigener Charakter als auch Ihre Zielbranche wird dabei ber\u00fccksichtigt und werden in einen ausf\u00fchrlichen Vorgespr\u00e4ch thematisiert.<\/p>\n<p>&nbsp;<\/p>\n<p style=\"text-align: center;\"><img loading=\"lazy\" decoding=\"async\" class=\"size-full wp-image-14186 aligncenter\" src=\"https:\/\/www.kalu-bremen.de\/wordpress\/wp-content\/uploads\/2019\/07\/Bewerbungsfoto_Bremen_Start01.jpg\" alt=\"\" width=\"1600\" height=\"1600\" srcset=\"https:\/\/www.kalu-bremen.de\/wordpress\/wp-content\/uploads\/2019\/07\/Bewerbungsfoto_Bremen_Start01.jpg 1600w, https:\/\/www.kalu-bremen.de\/wordpress\/wp-content\/uploads\/2019\/07\/Bewerbungsfoto_Bremen_Start01-150x150.jpg 150w, https:\/\/www.kalu-bremen.de\/wordpress\/wp-content\/uploads\/2019\/07\/Bewerbungsfoto_Bremen_Start01-600x600.jpg 600w, https:\/\/www.kalu-bremen.de\/wordpress\/wp-content\/uploads\/2019\/07\/Bewerbungsfoto_Bremen_Start01-768x768.jpg 768w, https:\/\/www.kalu-bremen.de\/wordpress\/wp-content\/uploads\/2019\/07\/Bewerbungsfoto_Bremen_Start01-50x50.jpg 50w\" sizes=\"auto, (max-width: 1600px) 100vw, 1600px\" \/><\/p>\n<h2 style=\"text-align: center;\"><a href=\"https:\/\/www.kalu-bremen.de\/?page_id=67\">BUSINESSPORTAITS BREMEN<\/a><\/h2>\n<p>Ob f\u00fcr Unternehmen, Manager, Mitarbeiter, Public Relation,\u00a0 Online-Portale wie XING oder Linkedin, Webseiten oder Intranets &#8230; professionelle <strong>Businessfotos<\/strong> punkten in jeder Hinsicht. Gerne beraten wir Sie auch hinsichtlich hinsichtlich Ihres Outfits. Nutzen Sie hierf\u00fcr die jahrelange Erfahrung aus der Mode- und Werbefotografie von Kalu. Wenn es um <strong>Bewerbungsfotos in Bremen<\/strong> oder Businessportrais geht &#8211; bei Kalu sind sie an der richtigen Adresse!<\/p>\n<p>&nbsp;<\/p>\n<p style=\"text-align: center;\"><img loading=\"lazy\" decoding=\"async\" class=\"alignnone size-full wp-image-14187\" src=\"https:\/\/www.kalu-bremen.de\/wordpress\/wp-content\/uploads\/2019\/07\/Businessfotografie_Bremen.jpg\" alt=\"\" width=\"2400\" height=\"1597\" srcset=\"https:\/\/www.kalu-bremen.de\/wordpress\/wp-content\/uploads\/2019\/07\/Businessfotografie_Bremen.jpg 2400w, https:\/\/www.kalu-bremen.de\/wordpress\/wp-content\/uploads\/2019\/07\/Businessfotografie_Bremen-900x600.jpg 900w, https:\/\/www.kalu-bremen.de\/wordpress\/wp-content\/uploads\/2019\/07\/Businessfotografie_Bremen-768x511.jpg 768w, https:\/\/www.kalu-bremen.de\/wordpress\/wp-content\/uploads\/2019\/07\/Businessfotografie_Bremen-50x33.jpg 50w\" sizes=\"auto, (max-width: 2400px) 100vw, 2400px\" \/><\/p>\n<h3 style=\"text-align: center;\"><a href=\"https:\/\/www.kalu-bremen.de\/?page_id=67\">BEWERBUNGSFOTOS IN BREMEN<\/a><\/h3>\n<p>Kalu fertigt <strong>Bewerbungsfotos in Bremen an<\/strong>, die Ihre jeweilige Pers\u00f6nlichkeit unterstreichen und Ihren individuellen Vorstellungen entsprechen. Authentisch, zielstrebig, freundlich, nat\u00fcrlich, seri\u00f6s, kreativ &#8211; je nach Zielbranche entwickeln wir Konzepte und Looks der Bilder. Die <strong>Fotoshootings<\/strong> sind von der Anzahl der Fotos nicht limitiert, sondern richten sich nach der Zufriedenheit des Kunden. Ein individuelles Ergebnis ist garantiert.<\/p>\n<p style=\"text-align: center;\"><img loading=\"lazy\" decoding=\"async\" class=\"alignnone size-full wp-image-14192\" src=\"https:\/\/www.kalu-bremen.de\/wordpress\/wp-content\/uploads\/2019\/07\/Berwebungsfoto_Bremen_Start02.jpg\" alt=\"\" width=\"1065\" height=\"1600\" srcset=\"https:\/\/www.kalu-bremen.de\/wordpress\/wp-content\/uploads\/2019\/07\/Berwebungsfoto_Bremen_Start02.jpg 1065w, https:\/\/www.kalu-bremen.de\/wordpress\/wp-content\/uploads\/2019\/07\/Berwebungsfoto_Bremen_Start02-399x600.jpg 399w, https:\/\/www.kalu-bremen.de\/wordpress\/wp-content\/uploads\/2019\/07\/Berwebungsfoto_Bremen_Start02-768x1154.jpg 768w, https:\/\/www.kalu-bremen.de\/wordpress\/wp-content\/uploads\/2019\/07\/Berwebungsfoto_Bremen_Start02-50x75.jpg 50w\" sizes=\"auto, (max-width: 1065px) 100vw, 1065px\" \/><\/p>\n<p>&nbsp;<\/p>\n<h1 style=\"text-align: center;\"><a href=\"https:\/\/www.kalu-bremen.de\/?page_id=2\">HOCHZEITSFOTOS IN BREMEN<\/a><\/h1>\n<p>Einmalige Ereignisse fordern einmalige Bilder \u2013 Hochzeitsfotograf Kalu steht f\u00fcr das gewisse &#8222;mehr&#8220; in der <strong>Hochzeitsfotografie<\/strong>. Sei es bei den Paar- und Gruppenportraits, bei der <strong>Reportage<\/strong> im <strong>Standesamt<\/strong>, in der <strong>Kirche<\/strong>, bei den Vorbereitungen oder auf der abschliessenden Party. Die Arbeitsweise ist durch dezentes, unauff\u00e4lliges Auftreten gekennzeichnet. Alle wichtigen Szene werden abgelichtet, aber auch die kleinen, feinen Details bleiben so in Erinnerung<\/p>\n<p style=\"text-align: center;\"><img loading=\"lazy\" decoding=\"async\" class=\"alignnone size-full wp-image-14189\" src=\"https:\/\/www.kalu-bremen.de\/wordpress\/wp-content\/uploads\/2019\/07\/Hochzeitsfotograf_Bremen_Start02.jpg\" alt=\"\" width=\"2400\" height=\"1597\" srcset=\"https:\/\/www.kalu-bremen.de\/wordpress\/wp-content\/uploads\/2019\/07\/Hochzeitsfotograf_Bremen_Start02.jpg 2400w, https:\/\/www.kalu-bremen.de\/wordpress\/wp-content\/uploads\/2019\/07\/Hochzeitsfotograf_Bremen_Start02-900x600.jpg 900w, https:\/\/www.kalu-bremen.de\/wordpress\/wp-content\/uploads\/2019\/07\/Hochzeitsfotograf_Bremen_Start02-768x511.jpg 768w, https:\/\/www.kalu-bremen.de\/wordpress\/wp-content\/uploads\/2019\/07\/Hochzeitsfotograf_Bremen_Start02-50x33.jpg 50w\" sizes=\"auto, (max-width: 2400px) 100vw, 2400px\" \/><\/p>\n<h3 style=\"text-align: center;\"><a href=\"https:\/\/www.kalu-bremen.de\/?page_id=2\">HOCHZEITSFOTOGRAF BREMEN<\/a><\/h3>\n<p>Da jede Hochzeit einzigartig und individuell ist, beinhalten alle von mir angebotenen Pakete ein ausf\u00fchrliches Vorgespr\u00e4ch, wo ihre W\u00fcnsche und Vorstellungen aufgenommen werden, der Ablauf gekl\u00e4rt wird und am Ende ein f\u00fcr sie transparentes Angebot entsteht.<\/p>\n<p>&nbsp;<\/p>\n<p style=\"text-align: center;\"><img loading=\"lazy\" decoding=\"async\" class=\"alignnone size-full wp-image-14188\" src=\"https:\/\/www.kalu-bremen.de\/wordpress\/wp-content\/uploads\/2019\/07\/Hochzeitsfotograf_Bremen_Start01.jpg\" alt=\"\" width=\"2400\" height=\"1350\" srcset=\"https:\/\/www.kalu-bremen.de\/wordpress\/wp-content\/uploads\/2019\/07\/Hochzeitsfotograf_Bremen_Start01.jpg 2400w, https:\/\/www.kalu-bremen.de\/wordpress\/wp-content\/uploads\/2019\/07\/Hochzeitsfotograf_Bremen_Start01-900x506.jpg 900w, https:\/\/www.kalu-bremen.de\/wordpress\/wp-content\/uploads\/2019\/07\/Hochzeitsfotograf_Bremen_Start01-768x432.jpg 768w, https:\/\/www.kalu-bremen.de\/wordpress\/wp-content\/uploads\/2019\/07\/Hochzeitsfotograf_Bremen_Start01-50x28.jpg 50w\" sizes=\"auto, (max-width: 2400px) 100vw, 2400px\" \/><\/p>\n","protected":false},"excerpt":{"rendered":"<p>Kalu, ihr Fotograf f\u00fcr Businessportraits, Bewerbungsfotos und Hochzeitsfotos in Bremen TELEFON: 0172 \/ 4 21 03 55 &#8211; E-MAIL:\u00a0info@kalu-bremen.de &nbsp; &nbsp; &nbsp; &nbsp; &nbsp; &nbsp; &nbsp; BEWERBUNGSFOTOS BREMEN Sie sind auf der Suche nach einem Fotografen f\u00fcr Bewerbungsfotos in Bremen? Dann sind sie bereits am Ziel: Kalu fotografiert seit \u00fcber zwei Jahrzehnten erfolgreich und auf...<\/p>\n","protected":false},"author":1,"featured_media":0,"parent":0,"menu_order":0,"comment_status":"closed","ping_status":"open","template":"","meta":{"pp_embeds":"","footnotes":""},"class_list":["post-178","page","type-page","status-publish","hentry"],"_links":{"self":[{"href":"https:\/\/www.kalu-bremen.de\/index.php?rest_route=\/wp\/v2\/pages\/178","targetHints":{"allow":["GET"]}}],"collection":[{"href":"https:\/\/www.kalu-bremen.de\/index.php?rest_route=\/wp\/v2\/pages"}],"about":[{"href":"https:\/\/www.kalu-bremen.de\/index.php?rest_route=\/wp\/v2\/types\/page"}],"author":[{"embeddable":true,"href":"https:\/\/www.kalu-bremen.de\/index.php?rest_route=\/wp\/v2\/users\/1"}],"replies":[{"embeddable":true,"href":"https:\/\/www.kalu-bremen.de\/index.php?rest_route=%2Fwp%2Fv2%2Fcomments&post=178"}],"version-history":[{"count":84,"href":"https:\/\/www.kalu-bremen.de\/index.php?rest_route=\/wp\/v2\/pages\/178\/revisions"}],"predecessor-version":[{"id":14657,"href":"https:\/\/www.kalu-bremen.de\/index.php?rest_route=\/wp\/v2\/pages\/178\/revisions\/14657"}],"wp:attachment":[{"href":"https:\/\/www.kalu-bremen.de\/index.php?rest_route=%2Fwp%2Fv2%2Fmedia&parent=178"}],"curies":[{"name":"wp","href":"https:\/\/api.w.org\/{rel}","templated":true}]}}