{"id":204,"date":"2012-08-01T12:48:34","date_gmt":"2012-08-01T10:48:34","guid":{"rendered":"http:\/\/www.hochzeitsfotograf-verden.de\/wordpress\/?page_id=204"},"modified":"2017-12-12T13:52:33","modified_gmt":"2017-12-12T11:52:33","slug":"impressum","status":"publish","type":"page","link":"https:\/\/www.kalu-bremen.de\/?page_id=204","title":{"rendered":"Impressum"},"content":{"rendered":"<p>IMPRESSUM:<\/p>\n<p>Johann Kaluschke<br \/>\nLohmannstr.96<br \/>\n28215 Bremen<\/p>\n<p>Telefon: 0172 \/ 4 21 03 55<br \/>\nE-Mail: <a href=\"mailto:info@kalu-kunst.de\">info@kalu-bremen.de<\/a><\/p>\n<p>Alle auf dieser Website und der Datenbank ver\u00f6ffentlichten Bilder unterliegen dem Copyright.<br \/>\nEine weiterf\u00fchrende Nutzung ist ausdr\u00fccklich untersagt.<\/p>\n<p>Bei Interesse an einem Bild oder an weiteren Informationen senden Sie mir bitte \u00fcber das Feedback-Formular eine E-Mail, ich werde mich dann mit Ihnen in Verbindung setzen.<br \/>\nHaftungshinweis: Trotz sorgf\u00e4ltiger inhaltlicher Kontrolle \u00fcbernehmen wir keine Haftung f\u00fcr die Inhalte externer Links.<br \/>\nF\u00fcr den Inhalt der verlinkten Seiten sind ausschlie\u00dflich deren Betreiber verantwortlich.<\/p>\n","protected":false},"excerpt":{"rendered":"<p>IMPRESSUM: Johann Kaluschke Lohmannstr.96 28215 Bremen Telefon: 0172 \/ 4 21 03 55 E-Mail: info@kalu-bremen.de Alle auf dieser Website und der Datenbank ver\u00f6ffentlichten Bilder unterliegen dem Copyright. Eine weiterf\u00fchrende Nutzung ist ausdr\u00fccklich untersagt. Bei Interesse an einem Bild oder an weiteren Informationen senden Sie mir bitte \u00fcber das Feedback-Formular eine E-Mail, ich werde mich dann...<\/p>\n","protected":false},"author":1,"featured_media":0,"parent":0,"menu_order":0,"comment_status":"closed","ping_status":"closed","template":"","meta":{"pp_embeds":"","footnotes":""},"class_list":["post-204","page","type-page","status-publish","hentry"],"_links":{"self":[{"href":"https:\/\/www.kalu-bremen.de\/index.php?rest_route=\/wp\/v2\/pages\/204","targetHints":{"allow":["GET"]}}],"collection":[{"href":"https:\/\/www.kalu-bremen.de\/index.php?rest_route=\/wp\/v2\/pages"}],"about":[{"href":"https:\/\/www.kalu-bremen.de\/index.php?rest_route=\/wp\/v2\/types\/page"}],"author":[{"embeddable":true,"href":"https:\/\/www.kalu-bremen.de\/index.php?rest_route=\/wp\/v2\/users\/1"}],"replies":[{"embeddable":true,"href":"https:\/\/www.kalu-bremen.de\/index.php?rest_route=%2Fwp%2Fv2%2Fcomments&post=204"}],"version-history":[{"count":7,"href":"https:\/\/www.kalu-bremen.de\/index.php?rest_route=\/wp\/v2\/pages\/204\/revisions"}],"predecessor-version":[{"id":12360,"href":"https:\/\/www.kalu-bremen.de\/index.php?rest_route=\/wp\/v2\/pages\/204\/revisions\/12360"}],"wp:attachment":[{"href":"https:\/\/www.kalu-bremen.de\/index.php?rest_route=%2Fwp%2Fv2%2Fmedia&parent=204"}],"curies":[{"name":"wp","href":"https:\/\/api.w.org\/{rel}","templated":true}]}}