{"id":928,"date":"2012-09-05T16:31:49","date_gmt":"2012-09-05T14:31:49","guid":{"rendered":"http:\/\/www.hochzeitsfotograf-verden.de\/wordpress\/?page_id=928"},"modified":"2022-07-20T09:37:18","modified_gmt":"2022-07-20T07:37:18","slug":"leistungen-preise","status":"publish","type":"page","link":"https:\/\/www.kalu-bremen.de\/?page_id=928","title":{"rendered":"Leistungen &#8211; Preise Hochzeitsreportagen"},"content":{"rendered":"<p>&nbsp;<\/p>\n<p>&nbsp;<\/p>\n<p>Ich biete ihnen exklusive Hochzeitsfotografie auf h\u00f6chstem Niveau.<\/p>\n<p>Meine deutschland- und europaweiten Hochzeitsreportagen beinhalten immer:<\/p>\n<p>\u00b7 Ein pers\u00f6nliches Vorgespr\u00e4ch<\/p>\n<p>\u00b7 Bilder ihrer Hochzeit in voller Aufl\u00f6sung, ohne Wasserzeichen<\/p>\n<p>\u00b7 Portrait &#8211; und Gruppenfotos als Bestandteil der Reportage<\/p>\n<p>\u00b7 Die Option, jedes Paket stundenweise zu verl\u00e4ngern<\/p>\n<p>\u00b7 Private Nutzungsrechte f\u00fcr alle Fotos f\u00fcr sie<\/p>\n<p>\u00b7 Fahrtkosten innerhalb Bremens<\/p>\n<p>\u00b7 Sie und ihre G\u00e4ste k\u00f6nnen 12 Monate lang \u00fcber eine passwortgesch\u00fctzte<br \/>\nOnline-Galerie die sch\u00f6nsten Erinnerungen ansehen.<\/p>\n<p>\u00b7 Die Investition f\u00fcr eine Hochzeitsreportage incl. hochaufl\u00f6sender Dateien beginnt bei 199.- Euro<\/p>\n<p>F\u00fcr weitere Informationen zu meinen Leistungen und Preise nehmen sie bitte Kontakt<br \/>\nmit mir auf.<\/p>\n","protected":false},"excerpt":{"rendered":"<p>&nbsp; &nbsp; Ich biete ihnen exklusive Hochzeitsfotografie auf h\u00f6chstem Niveau. Meine deutschland- und europaweiten Hochzeitsreportagen beinhalten immer: \u00b7 Ein pers\u00f6nliches Vorgespr\u00e4ch \u00b7 Bilder ihrer Hochzeit in voller Aufl\u00f6sung, ohne Wasserzeichen \u00b7 Portrait &#8211; und Gruppenfotos als Bestandteil der Reportage \u00b7 Die Option, jedes Paket stundenweise zu verl\u00e4ngern \u00b7 Private Nutzungsrechte f\u00fcr alle Fotos f\u00fcr sie...<\/p>\n","protected":false},"author":1,"featured_media":0,"parent":0,"menu_order":0,"comment_status":"closed","ping_status":"closed","template":"","meta":{"pp_embeds":"","footnotes":""},"class_list":["post-928","page","type-page","status-publish","hentry"],"_links":{"self":[{"href":"https:\/\/www.kalu-bremen.de\/index.php?rest_route=\/wp\/v2\/pages\/928","targetHints":{"allow":["GET"]}}],"collection":[{"href":"https:\/\/www.kalu-bremen.de\/index.php?rest_route=\/wp\/v2\/pages"}],"about":[{"href":"https:\/\/www.kalu-bremen.de\/index.php?rest_route=\/wp\/v2\/types\/page"}],"author":[{"embeddable":true,"href":"https:\/\/www.kalu-bremen.de\/index.php?rest_route=\/wp\/v2\/users\/1"}],"replies":[{"embeddable":true,"href":"https:\/\/www.kalu-bremen.de\/index.php?rest_route=%2Fwp%2Fv2%2Fcomments&post=928"}],"version-history":[{"count":26,"href":"https:\/\/www.kalu-bremen.de\/index.php?rest_route=\/wp\/v2\/pages\/928\/revisions"}],"predecessor-version":[{"id":15552,"href":"https:\/\/www.kalu-bremen.de\/index.php?rest_route=\/wp\/v2\/pages\/928\/revisions\/15552"}],"wp:attachment":[{"href":"https:\/\/www.kalu-bremen.de\/index.php?rest_route=%2Fwp%2Fv2%2Fmedia&parent=928"}],"curies":[{"name":"wp","href":"https:\/\/api.w.org\/{rel}","templated":true}]}}